{"id":31876,"date":"2016-06-22T16:42:28","date_gmt":"2016-06-22T14:42:28","guid":{"rendered":"https:\/\/smart-power-design.de\/shop\/scheinwerferblenden-smart-fortwo-453-white\/"},"modified":"2022-08-16T23:31:03","modified_gmt":"2022-08-16T21:31:03","slug":"scheinwerferblenden-smart-fortwo-453-weiss","status":"publish","type":"product","link":"https:\/\/www.smart-power-design.de\/de\/produkt\/scheinwerferblenden-smart-fortwo-453-weiss\/","title":{"rendered":"Scheinwerferblenden Smart Fortwo 453 white"},"content":{"rendered":"<p>Installieren Sie die Scheinwerferblenden von Smart Power Design und geben Sie Ihrem Smart Fortwo 453 einen wilder Blick. Die Qualit\u00e4t und das Design ist unglaublich und sie passen genau auf die Scheinwerfer. Diese Scheinwerferblenden st\u00f6ren den Lichtstrahl nicht. Das Paket besteht aus 1 Paar 2 Scheinwerferblenden, jeweils f\u00fcr einen Scheinwerfer, eine links und eine rechts.<\/p>\n","protected":false},"excerpt":{"rendered":"<p>Das sind die Scheinwerferblenden des neuen Smart Fortwo 453 in wei\u00dfer Farbe.<\/p>\n","protected":false},"featured_media":31596,"comment_status":"open","ping_status":"closed","template":"","meta":[],"product_brand":[],"product_cat":[297,299],"product_tag":[496,495,498,344],"class_list":{"0":"post-31876","1":"product","2":"type-product","3":"status-publish","4":"has-post-thumbnail","6":"product_cat-smart-fortwo-453","7":"product_cat-smart-fortwo-453-exterior","8":"product_tag-smart-fortwo-453-scheinwerferblenden","9":"product_tag-smart-fortwo-scheinwerferblenden","10":"product_tag-smart-scheinwerferblenden","11":"product_tag-weis-tag","12":"pa_model-smart-fortwo-w453-de","14":"first","15":"instock","16":"featured","17":"taxable","18":"shipping-taxable","19":"purchasable","20":"product-type-simple"},"aioseo_notices":[],"_links":{"self":[{"href":"https:\/\/www.smart-power-design.de\/de\/wp-json\/wp\/v2\/product\/31876","targetHints":{"allow":["GET"]}}],"collection":[{"href":"https:\/\/www.smart-power-design.de\/de\/wp-json\/wp\/v2\/product"}],"about":[{"href":"https:\/\/www.smart-power-design.de\/de\/wp-json\/wp\/v2\/types\/product"}],"replies":[{"embeddable":true,"href":"https:\/\/www.smart-power-design.de\/de\/wp-json\/wp\/v2\/comments?post=31876"}],"wp:featuredmedia":[{"embeddable":true,"href":"https:\/\/www.smart-power-design.de\/de\/wp-json\/wp\/v2\/media\/31596"}],"wp:attachment":[{"href":"https:\/\/www.smart-power-design.de\/de\/wp-json\/wp\/v2\/media?parent=31876"}],"wp:term":[{"taxonomy":"product_brand","embeddable":true,"href":"https:\/\/www.smart-power-design.de\/de\/wp-json\/wp\/v2\/product_brand?post=31876"},{"taxonomy":"product_cat","embeddable":true,"href":"https:\/\/www.smart-power-design.de\/de\/wp-json\/wp\/v2\/product_cat?post=31876"},{"taxonomy":"product_tag","embeddable":true,"href":"https:\/\/www.smart-power-design.de\/de\/wp-json\/wp\/v2\/product_tag?post=31876"}],"curies":[{"name":"wp","href":"https:\/\/api.w.org\/{rel}","templated":true}]}}