{"id":31822,"date":"2016-08-06T12:49:36","date_gmt":"2016-08-06T10:49:36","guid":{"rendered":"https:\/\/smart-power-design.de\/shop\/scheinwerferblenden-smart-fortwo-453-look-carbon\/"},"modified":"2020-10-30T18:46:50","modified_gmt":"2020-10-30T16:46:50","slug":"scheinwerferblenden-smart-fortwo-453-look-carbon","status":"publish","type":"product","link":"https:\/\/www.smart-power-design.de\/de\/produkt\/scheinwerferblenden-smart-fortwo-453-look-carbon\/","title":{"rendered":"Scheinwerferblenden Smart Fortwo 453 Look Carbon"},"content":{"rendered":"<p>Installieren Sie von Smart Power Design&#8217;s die Scheinwerferblenden und geben Sie Ihren Smart Fortwo 453 ein wilder Blick. Die Qualit\u00e4t und das Design ist unglaublich und passen genau auf die Scheinwerfer und st\u00f6ren nicht den Lichtstrahl auf die Scheinwerfer. Das Paket besteht aus 1 Paar 2 Scheinwerferblenden, jeweils f\u00fcr einen Scheinwerfer, eine links und eine rechts. Das Finish ist in Look Carbon.<\/p>\n","protected":false},"excerpt":{"rendered":"<p>Das sind die Scheinwerferblenden f\u00fcr den neuen Smart Fortwo 453 in Finish Look Carbon.<\/p>\n","protected":false},"featured_media":31686,"comment_status":"open","ping_status":"closed","template":"","meta":[],"product_brand":[],"product_cat":[297,299],"product_tag":[497,496,495,498],"class_list":{"0":"post-31822","1":"product","2":"type-product","3":"status-publish","4":"has-post-thumbnail","6":"product_cat-smart-fortwo-453","7":"product_cat-smart-fortwo-453-exterior","8":"product_tag-look-carbon-de","9":"product_tag-smart-fortwo-453-scheinwerferblenden","10":"product_tag-smart-fortwo-scheinwerferblenden","11":"product_tag-smart-scheinwerferblenden","12":"pa_model-smart-fortwo-w453-de","14":"first","15":"instock","16":"taxable","17":"shipping-taxable","18":"purchasable","19":"product-type-simple"},"aioseo_notices":[],"_links":{"self":[{"href":"https:\/\/www.smart-power-design.de\/de\/wp-json\/wp\/v2\/product\/31822","targetHints":{"allow":["GET"]}}],"collection":[{"href":"https:\/\/www.smart-power-design.de\/de\/wp-json\/wp\/v2\/product"}],"about":[{"href":"https:\/\/www.smart-power-design.de\/de\/wp-json\/wp\/v2\/types\/product"}],"replies":[{"embeddable":true,"href":"https:\/\/www.smart-power-design.de\/de\/wp-json\/wp\/v2\/comments?post=31822"}],"wp:featuredmedia":[{"embeddable":true,"href":"https:\/\/www.smart-power-design.de\/de\/wp-json\/wp\/v2\/media\/31686"}],"wp:attachment":[{"href":"https:\/\/www.smart-power-design.de\/de\/wp-json\/wp\/v2\/media?parent=31822"}],"wp:term":[{"taxonomy":"product_brand","embeddable":true,"href":"https:\/\/www.smart-power-design.de\/de\/wp-json\/wp\/v2\/product_brand?post=31822"},{"taxonomy":"product_cat","embeddable":true,"href":"https:\/\/www.smart-power-design.de\/de\/wp-json\/wp\/v2\/product_cat?post=31822"},{"taxonomy":"product_tag","embeddable":true,"href":"https:\/\/www.smart-power-design.de\/de\/wp-json\/wp\/v2\/product_tag?post=31822"}],"curies":[{"name":"wp","href":"https:\/\/api.w.org\/{rel}","templated":true}]}}