{"id":31814,"date":"2016-07-01T12:33:32","date_gmt":"2016-07-01T10:33:32","guid":{"rendered":"https:\/\/smart-power-design.de\/shop\/kotfluegelverbreitungen-smart-fortwo-453-blau\/"},"modified":"2017-01-21T20:22:23","modified_gmt":"2017-01-21T18:22:23","slug":"kotfluegelverbreitungen-smart-fortwo-453-blau","status":"publish","type":"product","link":"https:\/\/www.smart-power-design.de\/de\/produkt\/kotfluegelverbreitungen-smart-fortwo-453-blau\/","title":{"rendered":"Kotfl\u00fcgelverbreitungen Smart Fortwo 453 Blau"},"content":{"rendered":"<p>Smart Power Design bietet Ihnen jetzt ein weiteres Zubeh\u00f6r f\u00fcr Ihren neuen Smart Fortwo 453. Intallieren Sie diese Kotfl\u00fcgelverbreitungen und verbessern Sie das \u00c4u\u00dfere Ihres Smart Auto. Diese Kotfl\u00fcgelverbreitungen Kit enth\u00e4lt 8 St\u00fccke, 4 St. f\u00fcr die Front und 4 St. f\u00fcr die R\u00fcckseite. Die Kotfl\u00fcgelverbreitungen sind in Midnight Blue Metallic Farbe erh\u00e4ltlich. Allerdings m\u00fcssen Sie die Tridion Farbe auch w\u00e4hlen. Die Kotfl\u00fcgelverbreitungen k\u00f6nnen sowohl auf Cabrio und Coup\u00e9 Edition installiert werden.<\/p>\n<p>Wie Sie die installieren, erfahren Sie in unsere Bedienungsanleitung.<\/p>\n","protected":false},"excerpt":{"rendered":"<p>Das sind die Kotfl\u00fcgelverbreitungen f\u00fcr den Smart Fortwo 453 in Midnight Blue Metallic Farbe. Bitte w\u00e4hlen Sie auch die Tridion Farbe.<\/p>\n","protected":false},"featured_media":31665,"comment_status":"open","ping_status":"closed","template":"","meta":[],"product_brand":[],"product_cat":[297,299],"product_tag":[320],"class_list":{"0":"post-31814","1":"product","2":"type-product","3":"status-publish","4":"has-post-thumbnail","6":"product_cat-smart-fortwo-453","7":"product_cat-smart-fortwo-453-exterior","8":"product_tag-midnight-blue-metallic-de-tag","9":"pa_model-smart-fortwo-w453-de","11":"first","12":"instock","13":"featured","14":"taxable","15":"shipping-taxable","16":"purchasable","17":"product-type-variable"},"aioseo_notices":[],"_links":{"self":[{"href":"https:\/\/www.smart-power-design.de\/de\/wp-json\/wp\/v2\/product\/31814","targetHints":{"allow":["GET"]}}],"collection":[{"href":"https:\/\/www.smart-power-design.de\/de\/wp-json\/wp\/v2\/product"}],"about":[{"href":"https:\/\/www.smart-power-design.de\/de\/wp-json\/wp\/v2\/types\/product"}],"replies":[{"embeddable":true,"href":"https:\/\/www.smart-power-design.de\/de\/wp-json\/wp\/v2\/comments?post=31814"}],"wp:featuredmedia":[{"embeddable":true,"href":"https:\/\/www.smart-power-design.de\/de\/wp-json\/wp\/v2\/media\/31665"}],"wp:attachment":[{"href":"https:\/\/www.smart-power-design.de\/de\/wp-json\/wp\/v2\/media?parent=31814"}],"wp:term":[{"taxonomy":"product_brand","embeddable":true,"href":"https:\/\/www.smart-power-design.de\/de\/wp-json\/wp\/v2\/product_brand?post=31814"},{"taxonomy":"product_cat","embeddable":true,"href":"https:\/\/www.smart-power-design.de\/de\/wp-json\/wp\/v2\/product_cat?post=31814"},{"taxonomy":"product_tag","embeddable":true,"href":"https:\/\/www.smart-power-design.de\/de\/wp-json\/wp\/v2\/product_tag?post=31814"}],"curies":[{"name":"wp","href":"https:\/\/api.w.org\/{rel}","templated":true}]}}