{"id":27757,"date":"2015-08-28T15:57:14","date_gmt":"2015-08-28T13:57:14","guid":{"rendered":"https:\/\/smart-power-design.de\/shop\/chrom-ringe-set-fur-luftungsdusen-smart-forfour-w453\/"},"modified":"2015-10-05T12:24:09","modified_gmt":"2015-10-05T10:24:09","slug":"chrom-ringe-set-fur-luftungsdusen-smart-forfour-w453","status":"publish","type":"product","link":"https:\/\/www.smart-power-design.de\/de\/produkt\/chrom-ringe-set-fur-luftungsdusen-smart-forfour-w453\/","title":{"rendered":"Chrom Ringe Set f\u00fcr L\u00fcftungsd\u00fcsen Smart Forfour W453"},"content":{"rendered":"<p>Ein weiteres Innen Zubeh\u00f6r von Smart Power Design. Diese Ringe Set f\u00fcr L\u00fcftungsd\u00fcsen ist eine sch\u00f6ne, optische und edle Aufwertung f\u00fcr Ihren Smart Forfour W453. Echt verchromt!!! Einfache Klebemontage mit dem mitgeliefertem doppelseitigem Spezialklebeband. Eine Montageanleitung wird mitgeliefert. Lieferumfang: 4 Teile.<\/p>\n","protected":false},"excerpt":{"rendered":"<p>Eine sch\u00f6ne optische Erscheinigung mit diese Chrom Ringe Set f\u00fcr L\u00fcftungsd\u00fcsen an Ihrem Smart Forfour\u00a0W453.\u00a0<\/p>\n","protected":false},"featured_media":31228,"comment_status":"open","ping_status":"closed","template":"","meta":[],"product_brand":[],"product_cat":[291,295],"product_tag":[137],"class_list":{"0":"post-27757","1":"product","2":"type-product","3":"status-publish","4":"has-post-thumbnail","6":"product_cat-smart-forfour-453","7":"product_cat-smart-forfour-453-interior","8":"product_tag-chrom","9":"pa_finish-chrom-2","10":"pa_model-smart-forfour-453-de","12":"first","13":"instock","14":"taxable","15":"shipping-taxable","16":"purchasable","17":"product-type-simple"},"aioseo_notices":[],"_links":{"self":[{"href":"https:\/\/www.smart-power-design.de\/de\/wp-json\/wp\/v2\/product\/27757","targetHints":{"allow":["GET"]}}],"collection":[{"href":"https:\/\/www.smart-power-design.de\/de\/wp-json\/wp\/v2\/product"}],"about":[{"href":"https:\/\/www.smart-power-design.de\/de\/wp-json\/wp\/v2\/types\/product"}],"replies":[{"embeddable":true,"href":"https:\/\/www.smart-power-design.de\/de\/wp-json\/wp\/v2\/comments?post=27757"}],"wp:featuredmedia":[{"embeddable":true,"href":"https:\/\/www.smart-power-design.de\/de\/wp-json\/wp\/v2\/media\/31228"}],"wp:attachment":[{"href":"https:\/\/www.smart-power-design.de\/de\/wp-json\/wp\/v2\/media?parent=27757"}],"wp:term":[{"taxonomy":"product_brand","embeddable":true,"href":"https:\/\/www.smart-power-design.de\/de\/wp-json\/wp\/v2\/product_brand?post=27757"},{"taxonomy":"product_cat","embeddable":true,"href":"https:\/\/www.smart-power-design.de\/de\/wp-json\/wp\/v2\/product_cat?post=27757"},{"taxonomy":"product_tag","embeddable":true,"href":"https:\/\/www.smart-power-design.de\/de\/wp-json\/wp\/v2\/product_tag?post=27757"}],"curies":[{"name":"wp","href":"https:\/\/api.w.org\/{rel}","templated":true}]}}