{"id":27752,"date":"2015-08-28T15:44:31","date_gmt":"2015-08-28T13:44:31","guid":{"rendered":"https:\/\/smart-power-design.de\/shop\/chrom-ringe-set-fur-luftungsdusen-smart-fortwo-453\/"},"modified":"2022-08-16T23:41:06","modified_gmt":"2022-08-16T21:41:06","slug":"chrom-ringe-set-fur-luftungsdusen-smart-fortwo-453","status":"publish","type":"product","link":"https:\/\/www.smart-power-design.de\/de\/produkt\/chrom-ringe-set-fur-luftungsdusen-smart-fortwo-453\/","title":{"rendered":"Chrom Ringe Set f\u00fcr L\u00fcftungsd\u00fcsen Smart Fortwo W453"},"content":{"rendered":"<p>Ein weiteres Innen Zubeh\u00f6r von Smart Power Design. Diese Ringe Set f\u00fcr L\u00fcftungsd\u00fcsen ist eine sch\u00f6ne, optische und edle Aufwertung f\u00fcr Ihren Smart Fortwo W453. Echt verchromt!!! Einfache Klebemontage mit dem mitgeliefertem doppelseitigem Spezialklebeband. Eine Montageanleitung wird mitgeliefert. Lieferumfang: 4 Teile.<\/p>\n","protected":false},"excerpt":{"rendered":"<p>Eine sch\u00f6ne optische Erscheinigung mit diese Chrom Ringe Set f\u00fcr L\u00fcftungsd\u00fcsen an Ihrem Smart Fortwo W453.\u00a0<\/p>\n","protected":false},"featured_media":31216,"comment_status":"open","ping_status":"closed","template":"","meta":[],"product_brand":[],"product_cat":[297,301],"product_tag":[137,327],"class_list":{"0":"post-27752","1":"product","2":"type-product","3":"status-publish","4":"has-post-thumbnail","6":"product_cat-smart-fortwo-453","7":"product_cat-smart-fortwo-453-interior","8":"product_tag-chrom","9":"product_tag-smart-fortwo-453-interior-zubehoer","10":"pa_finish-chrom-2","11":"pa_model-smart-fortwo-w453-de","13":"first","14":"instock","15":"taxable","16":"shipping-taxable","17":"purchasable","18":"product-type-simple"},"aioseo_notices":[],"_links":{"self":[{"href":"https:\/\/www.smart-power-design.de\/de\/wp-json\/wp\/v2\/product\/27752","targetHints":{"allow":["GET"]}}],"collection":[{"href":"https:\/\/www.smart-power-design.de\/de\/wp-json\/wp\/v2\/product"}],"about":[{"href":"https:\/\/www.smart-power-design.de\/de\/wp-json\/wp\/v2\/types\/product"}],"replies":[{"embeddable":true,"href":"https:\/\/www.smart-power-design.de\/de\/wp-json\/wp\/v2\/comments?post=27752"}],"wp:featuredmedia":[{"embeddable":true,"href":"https:\/\/www.smart-power-design.de\/de\/wp-json\/wp\/v2\/media\/31216"}],"wp:attachment":[{"href":"https:\/\/www.smart-power-design.de\/de\/wp-json\/wp\/v2\/media?parent=27752"}],"wp:term":[{"taxonomy":"product_brand","embeddable":true,"href":"https:\/\/www.smart-power-design.de\/de\/wp-json\/wp\/v2\/product_brand?post=27752"},{"taxonomy":"product_cat","embeddable":true,"href":"https:\/\/www.smart-power-design.de\/de\/wp-json\/wp\/v2\/product_cat?post=27752"},{"taxonomy":"product_tag","embeddable":true,"href":"https:\/\/www.smart-power-design.de\/de\/wp-json\/wp\/v2\/product_tag?post=27752"}],"curies":[{"name":"wp","href":"https:\/\/api.w.org\/{rel}","templated":true}]}}