{"id":27745,"date":"2015-08-27T16:46:25","date_gmt":"2015-08-27T14:46:25","guid":{"rendered":"https:\/\/smart-power-design.de\/shop\/chrom-ringe-fur-bedienung-tasten-am-lenkrad-smart-fortwo-w453\/"},"modified":"2024-08-03T16:01:01","modified_gmt":"2024-08-03T13:01:01","slug":"chrom-ringe-fur-bedienung-tasten-am-lenkrad-smart-fortwo-w453","status":"publish","type":"product","link":"https:\/\/www.smart-power-design.de\/de\/produkt\/chrom-ringe-fur-bedienung-tasten-am-lenkrad-smart-fortwo-w453\/","title":{"rendered":"Chrom Ringe f\u00fcr Bedienung Tasten am Lenkrad Smart Fortwo W453"},"content":{"rendered":"<p>Ein weiteres Innen Zubeh\u00f6r von Smart Power Design: Chrom Ringe Satz f\u00fcr Bedienung Tasten am Lenkrad f\u00fcr Smart Fortwo W453. Versch\u00f6nert enorm Ihren Smart Fahrzeug.\u00a0Leichte Montage. Schutzfolie abziehen und dann anbringen. Lieferumfang: 2 Teile.<\/p>\n","protected":false},"excerpt":{"rendered":"<p>Mit diese Chrom Ringe f\u00fcr Bedienung Tasten Smart Fortwo W453 ist die ideale Erg\u00e4nzung am Lenkrad.<\/p>\n","protected":false},"featured_media":31201,"comment_status":"open","ping_status":"closed","template":"","meta":[],"product_brand":[],"product_cat":[297,301],"product_tag":[137,327],"class_list":{"0":"post-27745","1":"product","2":"type-product","3":"status-publish","4":"has-post-thumbnail","6":"product_cat-smart-fortwo-453","7":"product_cat-smart-fortwo-453-interior","8":"product_tag-chrom","9":"product_tag-smart-fortwo-453-interior-zubehoer","10":"pa_finish-chrom-2","11":"pa_model-smart-fortwo-w453-de","13":"first","14":"instock","15":"taxable","16":"shipping-taxable","17":"purchasable","18":"product-type-simple"},"aioseo_notices":[],"_links":{"self":[{"href":"https:\/\/www.smart-power-design.de\/de\/wp-json\/wp\/v2\/product\/27745","targetHints":{"allow":["GET"]}}],"collection":[{"href":"https:\/\/www.smart-power-design.de\/de\/wp-json\/wp\/v2\/product"}],"about":[{"href":"https:\/\/www.smart-power-design.de\/de\/wp-json\/wp\/v2\/types\/product"}],"replies":[{"embeddable":true,"href":"https:\/\/www.smart-power-design.de\/de\/wp-json\/wp\/v2\/comments?post=27745"}],"wp:featuredmedia":[{"embeddable":true,"href":"https:\/\/www.smart-power-design.de\/de\/wp-json\/wp\/v2\/media\/31201"}],"wp:attachment":[{"href":"https:\/\/www.smart-power-design.de\/de\/wp-json\/wp\/v2\/media?parent=27745"}],"wp:term":[{"taxonomy":"product_brand","embeddable":true,"href":"https:\/\/www.smart-power-design.de\/de\/wp-json\/wp\/v2\/product_brand?post=27745"},{"taxonomy":"product_cat","embeddable":true,"href":"https:\/\/www.smart-power-design.de\/de\/wp-json\/wp\/v2\/product_cat?post=27745"},{"taxonomy":"product_tag","embeddable":true,"href":"https:\/\/www.smart-power-design.de\/de\/wp-json\/wp\/v2\/product_tag?post=27745"}],"curies":[{"name":"wp","href":"https:\/\/api.w.org\/{rel}","templated":true}]}}