{"id":27040,"date":"2015-07-29T22:24:34","date_gmt":"2015-07-29T20:24:34","guid":{"rendered":"https:\/\/smart-power-design.de\/shop\/luftansaugung-blende-smart-fortwo-453-in-farbe-black\/"},"modified":"2018-08-09T01:17:33","modified_gmt":"2018-08-08T23:17:33","slug":"luftansaugung-blende-smart-fortwo-453-in-farbe-black","status":"publish","type":"product","link":"https:\/\/www.smart-power-design.de\/de\/produkt\/luftansaugung-blende-smart-fortwo-453-in-farbe-black\/","title":{"rendered":"Luftansaugung Blende Smart Fortwo 453 in Farbe Black"},"content":{"rendered":"<p>Die Smart Power Design entwarf eine Luftansaugung Blende mit einzigartigen Stil und Sch\u00f6nheit. Das Design mit zwei Grillen verleiht Ihrem Smart einen aerodynamischen und dynamischen Sportlichkeit. Mit der gro\u00dfen markanten \u00d6ffnung in der Front, erf\u00fcllt sich eine grundlegende Rolle. Insbesonders bietet den Motor mit viel mehr Luft, so haben wir wir eine bessere Verbrennung. Ergebnis, mehr Leistung mit weniger Kraftstoff, d.h. Einsparung in der Tasche und parallel schont es die Umwelt. Die Installation ist sehr einfach. Der Einbau ist in 2 Minuten erledigt! Schutzfolie von dem bereits eingearbeiteten Doppelklebeband abziehen und dann auf die originale Ansaugluftstrom aufsetzten.\u00a0Luftansaugung Blende f\u00fcr Smart Fortwo W453 in Farbe schwarz (Black \/ Farbe Code: EN1).<\/p>\n","protected":false},"excerpt":{"rendered":"<p>Eine Luftansaugung Blende mit einzigartigen Stil und Sch\u00f6nheit f\u00fcr den Smart fortwo W453 von Smart Power Design. Das Design mit zwei Grillen verleiht Ihren Smart eine aerodynamische Sportlichkeit.<\/p>\n","protected":false},"featured_media":31174,"comment_status":"open","ping_status":"closed","template":"","meta":[],"product_brand":[],"product_cat":[297,299],"product_tag":[],"class_list":{"0":"post-27040","1":"product","2":"type-product","3":"status-publish","4":"has-post-thumbnail","6":"product_cat-smart-fortwo-453","7":"product_cat-smart-fortwo-453-exterior","8":"pa_model-smart-fortwo-w453-de","10":"first","11":"instock","12":"taxable","13":"shipping-taxable","14":"purchasable","15":"product-type-simple"},"aioseo_notices":[],"_links":{"self":[{"href":"https:\/\/www.smart-power-design.de\/de\/wp-json\/wp\/v2\/product\/27040","targetHints":{"allow":["GET"]}}],"collection":[{"href":"https:\/\/www.smart-power-design.de\/de\/wp-json\/wp\/v2\/product"}],"about":[{"href":"https:\/\/www.smart-power-design.de\/de\/wp-json\/wp\/v2\/types\/product"}],"replies":[{"embeddable":true,"href":"https:\/\/www.smart-power-design.de\/de\/wp-json\/wp\/v2\/comments?post=27040"}],"wp:featuredmedia":[{"embeddable":true,"href":"https:\/\/www.smart-power-design.de\/de\/wp-json\/wp\/v2\/media\/31174"}],"wp:attachment":[{"href":"https:\/\/www.smart-power-design.de\/de\/wp-json\/wp\/v2\/media?parent=27040"}],"wp:term":[{"taxonomy":"product_brand","embeddable":true,"href":"https:\/\/www.smart-power-design.de\/de\/wp-json\/wp\/v2\/product_brand?post=27040"},{"taxonomy":"product_cat","embeddable":true,"href":"https:\/\/www.smart-power-design.de\/de\/wp-json\/wp\/v2\/product_cat?post=27040"},{"taxonomy":"product_tag","embeddable":true,"href":"https:\/\/www.smart-power-design.de\/de\/wp-json\/wp\/v2\/product_tag?post=27040"}],"curies":[{"name":"wp","href":"https:\/\/api.w.org\/{rel}","templated":true}]}}