{"id":25628,"date":"2015-01-01T17:32:21","date_gmt":"2015-01-01T15:32:21","guid":{"rendered":"https:\/\/smart-power-design.de\/shop\/turgriffschalen-smart-fortwo-451\/"},"modified":"2015-08-01T18:29:24","modified_gmt":"2015-08-01T16:29:24","slug":"turgriffschalen-smart-fortwo-451","status":"publish","type":"product","link":"https:\/\/www.smart-power-design.de\/de\/produkt\/turgriffschalen-smart-fortwo-451\/","title":{"rendered":"T\u00fcrgriffschalen Smart Fortwo 451"},"content":{"rendered":"<p>Die Chrom-T\u00fcrgriffschalen versch\u00f6nert Ihr Smart Auto enorm, ein sch\u00f6nes exklusives Detail. Sie\u00a0sch\u00fctzen au\u00dferdem den Lack in der Griffmulde vor Kratzern und haben Passgenauigkeit und hochwertige Ausf\u00fchrung.<br \/>Das Material ist aus ABS verchromt. Passend f\u00fcr Smart Fortwo Coupe &#038; Cabrio 451 ab Baujahr 2007.<br \/>Leichte Montage, in wenigen Minuten montiert. Gr\u00fcndlich reinigen, auspacken, Schutzfolie abziehen, dann am T\u00fcrgriffschalen anbrigen. Fertig. Lieferumfang: 2 Chrom-T\u00fcrgriffschalen.<\/p>\n","protected":false},"excerpt":{"rendered":"<p>Chrom-T\u00fcrgriffschalen, ein kleines Detail mit gro\u00dfer Wirkung f\u00fcr Smart Fortwo W451.<\/p>\n","protected":false},"featured_media":31342,"comment_status":"closed","ping_status":"closed","template":"","meta":[],"product_brand":[],"product_cat":[112,111],"product_tag":[137,197],"class_list":{"0":"post-25628","1":"product","2":"type-product","3":"status-publish","4":"has-post-thumbnail","6":"product_cat-smart-exterior-zubehor-451","7":"product_cat-smart-fortwo-zubehor-451","8":"product_tag-chrom","9":"product_tag-smart-fortwo-zubehoer-451","10":"pa_finish-chrom-2","11":"pa_model-smart-fortwo-451-de","13":"first","14":"outofstock","15":"taxable","16":"shipping-taxable","17":"purchasable","18":"product-type-simple"},"aioseo_notices":[],"_links":{"self":[{"href":"https:\/\/www.smart-power-design.de\/de\/wp-json\/wp\/v2\/product\/25628","targetHints":{"allow":["GET"]}}],"collection":[{"href":"https:\/\/www.smart-power-design.de\/de\/wp-json\/wp\/v2\/product"}],"about":[{"href":"https:\/\/www.smart-power-design.de\/de\/wp-json\/wp\/v2\/types\/product"}],"replies":[{"embeddable":true,"href":"https:\/\/www.smart-power-design.de\/de\/wp-json\/wp\/v2\/comments?post=25628"}],"wp:featuredmedia":[{"embeddable":true,"href":"https:\/\/www.smart-power-design.de\/de\/wp-json\/wp\/v2\/media\/31342"}],"wp:attachment":[{"href":"https:\/\/www.smart-power-design.de\/de\/wp-json\/wp\/v2\/media?parent=25628"}],"wp:term":[{"taxonomy":"product_brand","embeddable":true,"href":"https:\/\/www.smart-power-design.de\/de\/wp-json\/wp\/v2\/product_brand?post=25628"},{"taxonomy":"product_cat","embeddable":true,"href":"https:\/\/www.smart-power-design.de\/de\/wp-json\/wp\/v2\/product_cat?post=25628"},{"taxonomy":"product_tag","embeddable":true,"href":"https:\/\/www.smart-power-design.de\/de\/wp-json\/wp\/v2\/product_tag?post=25628"}],"curies":[{"name":"wp","href":"https:\/\/api.w.org\/{rel}","templated":true}]}}