{"id":24543,"date":"2014-12-08T13:23:13","date_gmt":"2014-12-08T11:23:13","guid":{"rendered":"https:\/\/smart-power-design.de\/shop\/schaltknauf-smart-fortwo-450-451\/"},"modified":"2026-03-21T06:22:39","modified_gmt":"2026-03-21T04:22:39","slug":"schaltknauf-smart-fortwo-450-451","status":"publish","type":"product","link":"https:\/\/www.smart-power-design.de\/de\/produkt\/schaltknauf-smart-fortwo-450-451\/","title":{"rendered":"Schaltknauf Smart Fortwo 450 \/ 451"},"content":{"rendered":"<p>Versch\u00f6nern Sie den Innenraum Ihres Smart Fortwo mit diesem Schaltknauf von Smart Power Design. Hat einen sportlichen und eleganten Touch. Sie haben eine gro\u00dfe Auswahl von verschiedenen Schaltknauf auszuw\u00e4hlen.<\/p>\n<p>Der Schaltknauf ist in verschiedenen Ausf\u00fchrungen erh\u00e4ltich (der untere Hauptteil ist aus Aluminium verchromt und immer in Chrom Satine-Ausf\u00fchrung und die obere Kappe ist aus Messing verchromt und es gibt in 3 Versionen zur Verf\u00fcgung:\u00a0Chrom Satine, Chrom und in Nickel Schwarz). Dar\u00fcber hinaus werden 4 verschiedenen Logos mitgeliefert in dem Sie die Oberseite selber kleben k\u00f6nnen.<\/p>\n<p>Weiter k\u00f6nnen Sie den Schaltknauf ohne LED Beleuchtung w\u00e4hlen oder mit LED Beleuchtung.<\/p>\n<p>Es gibt 4 Versionen f\u00fcr den Schaltknauf von LED Beleuchtung zu w\u00e4hlen: Schaltknauf mit LED in Rot Beleuchtung, Schaltknauf mit LED in Blaue Beleuchtung, Schaltknauf mit LED in Gr\u00fcne Beleuchtung oder Schaltknauf mit alle 3 LED Beleuchtungen. Am Abend sieht man dieLED Beleuchtung sehr edel an Ihrem Smart Fortwo.<\/p>\n<p>Bitte beachten Sie: Dieser Schaltknauf ist nur f\u00fcr die europ\u00e4ische Version des Smart-Auto entwickelt und ist nicht auf dem nordamerikanischen Version geeignet.<\/p>\n<p>Passend f\u00fcr alle Smart Fortwo 450 und 451.<\/p>\n<p>Klicken Sie hier um die Montageanleitung zu lesen.<\/p>\n","protected":false},"excerpt":{"rendered":"<p>Das Schaltknauf von Smart Power Design verleiht dem Innenraum Ihres Smart Fortwo einen sportlicheren und eleganteren Touch.<\/p>\n","protected":false},"featured_media":1248,"comment_status":"open","ping_status":"closed","template":"","meta":[],"product_brand":[],"product_cat":[108,111,110,113],"product_tag":[138,197],"class_list":{"0":"post-24543","1":"product","2":"type-product","3":"status-publish","4":"has-post-thumbnail","6":"product_cat-smart-fortwo-zubehor-450","7":"product_cat-smart-fortwo-zubehor-451","8":"product_cat-smart-interior-zubehor-450","9":"product_cat-smart-interior-zubehoer-451","10":"product_tag-schaltknauf","11":"product_tag-smart-fortwo-zubehoer-451","12":"pa_model-smart-fortwo-w450-de","13":"pa_model-smart-fortwo-451-de","15":"first","16":"instock","17":"taxable","18":"shipping-taxable","19":"purchasable","20":"product-type-variable"},"aioseo_notices":[],"_links":{"self":[{"href":"https:\/\/www.smart-power-design.de\/de\/wp-json\/wp\/v2\/product\/24543","targetHints":{"allow":["GET"]}}],"collection":[{"href":"https:\/\/www.smart-power-design.de\/de\/wp-json\/wp\/v2\/product"}],"about":[{"href":"https:\/\/www.smart-power-design.de\/de\/wp-json\/wp\/v2\/types\/product"}],"replies":[{"embeddable":true,"href":"https:\/\/www.smart-power-design.de\/de\/wp-json\/wp\/v2\/comments?post=24543"}],"wp:featuredmedia":[{"embeddable":true,"href":"https:\/\/www.smart-power-design.de\/de\/wp-json\/wp\/v2\/media\/1248"}],"wp:attachment":[{"href":"https:\/\/www.smart-power-design.de\/de\/wp-json\/wp\/v2\/media?parent=24543"}],"wp:term":[{"taxonomy":"product_brand","embeddable":true,"href":"https:\/\/www.smart-power-design.de\/de\/wp-json\/wp\/v2\/product_brand?post=24543"},{"taxonomy":"product_cat","embeddable":true,"href":"https:\/\/www.smart-power-design.de\/de\/wp-json\/wp\/v2\/product_cat?post=24543"},{"taxonomy":"product_tag","embeddable":true,"href":"https:\/\/www.smart-power-design.de\/de\/wp-json\/wp\/v2\/product_tag?post=24543"}],"curies":[{"name":"wp","href":"https:\/\/api.w.org\/{rel}","templated":true}]}}