{"id":24315,"date":"2014-03-10T15:39:15","date_gmt":"2014-03-10T13:39:15","guid":{"rendered":"https:\/\/smart-power-design.de\/shop\/luftansaugung-blende-smart-fortwo-451\/"},"modified":"2024-10-22T07:00:43","modified_gmt":"2024-10-22T04:00:43","slug":"luftansaugung-blende-smart-fortwo-451","status":"publish","type":"product","link":"https:\/\/www.smart-power-design.de\/de\/produkt\/luftansaugung-blende-smart-fortwo-451\/","title":{"rendered":"Luftansaugung Blende Smart Fortwo 451"},"content":{"rendered":"<p>Die Smart Power Design entwarf eine Luftansaugung Blende mit einzigartigen Stil und Sch\u00f6nheit. Das Design mit drei Grillen verleiht Ihrem Smart einen aerodynamischen und dynamischen Sportlichkeit. Mit der gro\u00dfen markanten \u00d6ffnung in der Front, erf\u00fcllt sich eine grundlegende Rolle. Insbesonders bietet den Motor mit viel mehr Luft, so haben wir wir eine bessere Verbrennung. Ergebnis, mehr Leistung mit weniger Kraftstoff, d.h. Einsparung in der Tasche und parallel schont es die Umwelt. Die Installation ist sehr einfach. Der Einbau ist in 2 Minuten erledigt! Schutzfolie von dem bereits eingearbeiteten Doppelklebeband abziehen und dann auf die originale Ansaugluftstrom aufsetzten.<\/p>\n<p>Die\u00a0Luftansaugung Blende wird in Look Carbon ausgefertigt und in verschiedenen Code Farbe:<\/p>\n<ul>\n<li>River Silber Farbe\u00a0code: EAD<\/li>\n<li>Jack Black \/ Deep Black, Farbe\u00a0code: ECA<\/li>\n<li>Kristall\u00a0Weiss, Farbe\u00a0code: EA<\/li>\n<\/ul>\n<p>Klicken Sie hier, um die Bedienungsanleitung lesen zu k\u00f6nnen<\/p>\n","protected":false},"excerpt":{"rendered":"<p>Eine Luftansaugung Blende mit einzigartigen Stil und Sch\u00f6nheit f\u00fcr den Smart fortwo W451. Das Design mit drei Grillen verleiht Ihren\u00a0Smart eine aerodynamische Sportlichkeit. Passend f\u00fcr alle Smart Fortwo 451. Verf\u00fcgbar in 3 verschiedenen Farben und in Look Carbon Ausf\u00fchrung.<\/p>\n","protected":false},"featured_media":1139,"comment_status":"open","ping_status":"closed","template":"","meta":[],"product_brand":[],"product_cat":[112,111],"product_tag":[197],"class_list":{"0":"post-24315","1":"product","2":"type-product","3":"status-publish","4":"has-post-thumbnail","6":"product_cat-smart-exterior-zubehor-451","7":"product_cat-smart-fortwo-zubehor-451","8":"product_tag-smart-fortwo-zubehoer-451","9":"pa_model-smart-fortwo-451-de","11":"first","12":"outofstock","13":"featured","14":"taxable","15":"shipping-taxable","16":"purchasable","17":"product-type-variable"},"aioseo_notices":[],"_links":{"self":[{"href":"https:\/\/www.smart-power-design.de\/de\/wp-json\/wp\/v2\/product\/24315","targetHints":{"allow":["GET"]}}],"collection":[{"href":"https:\/\/www.smart-power-design.de\/de\/wp-json\/wp\/v2\/product"}],"about":[{"href":"https:\/\/www.smart-power-design.de\/de\/wp-json\/wp\/v2\/types\/product"}],"replies":[{"embeddable":true,"href":"https:\/\/www.smart-power-design.de\/de\/wp-json\/wp\/v2\/comments?post=24315"}],"wp:featuredmedia":[{"embeddable":true,"href":"https:\/\/www.smart-power-design.de\/de\/wp-json\/wp\/v2\/media\/1139"}],"wp:attachment":[{"href":"https:\/\/www.smart-power-design.de\/de\/wp-json\/wp\/v2\/media?parent=24315"}],"wp:term":[{"taxonomy":"product_brand","embeddable":true,"href":"https:\/\/www.smart-power-design.de\/de\/wp-json\/wp\/v2\/product_brand?post=24315"},{"taxonomy":"product_cat","embeddable":true,"href":"https:\/\/www.smart-power-design.de\/de\/wp-json\/wp\/v2\/product_cat?post=24315"},{"taxonomy":"product_tag","embeddable":true,"href":"https:\/\/www.smart-power-design.de\/de\/wp-json\/wp\/v2\/product_tag?post=24315"}],"curies":[{"name":"wp","href":"https:\/\/api.w.org\/{rel}","templated":true}]}}