{"id":22270,"date":"2013-10-26T19:38:22","date_gmt":"2013-10-26T17:38:22","guid":{"rendered":"https:\/\/smart-power-design.de\/shop\/kappen-fur-blinker-und-scheibenwischerhebel-smart-fortwo-450\/"},"modified":"2026-02-04T10:06:28","modified_gmt":"2026-02-04T08:06:28","slug":"kappen-fur-blinker-und-scheibenwischerhebel-smart-fortwo-450","status":"publish","type":"product","link":"https:\/\/www.smart-power-design.de\/de\/produkt\/kappen-fur-blinker-und-scheibenwischerhebel-smart-fortwo-450\/","title":{"rendered":"Kappen f\u00fcr Blinker und Scheibenwischerhebel Smart Fortwo 450"},"content":{"rendered":"<p>Die Kappen\u00a0f\u00fcr Blinker und Scheibenwischerhebel Smart Fortwo 450\u00a0wirken\u00a0edel und dezent auf Ihren Smart Auto. Ist kein\u00a0Plastikartikel. Ist produziert aus Edelstahl und anschlie\u00dfend verchromt und mattiert. Sind f\u00fcr alle Smart Fortwo 450 Coupes und Cabrio geeignet und sind in 5 Ausf\u00fchrungen erh\u00e4ltlich: Chrom, Chrom matt, Nickel schwarz, Nickel matt und in Aluminium. Set 2tlg.<\/p>\n","protected":false},"excerpt":{"rendered":"<p>Diese Kappen f\u00fcr Blinker und Scheibenwischerhebel Smart Fortwo 450\u00a0verleihen Ihrem Smart sofort einen eleganteren Look. Sind in 5 Ausf\u00fchrungen verf\u00fcgbar.<\/p>\n","protected":false},"featured_media":1506,"comment_status":"open","ping_status":"closed","template":"","meta":[],"product_brand":[],"product_cat":[108,110],"product_tag":[137,196],"class_list":{"0":"post-22270","1":"product","2":"type-product","3":"status-publish","4":"has-post-thumbnail","6":"product_cat-smart-fortwo-zubehor-450","7":"product_cat-smart-interior-zubehor-450","8":"product_tag-chrom","9":"product_tag-smart-fortwo-zubehoer-450","10":"pa_model-smart-fortwo-w450-de","12":"first","13":"instock","14":"taxable","15":"shipping-taxable","16":"purchasable","17":"product-type-variable"},"aioseo_notices":[],"_links":{"self":[{"href":"https:\/\/www.smart-power-design.de\/de\/wp-json\/wp\/v2\/product\/22270","targetHints":{"allow":["GET"]}}],"collection":[{"href":"https:\/\/www.smart-power-design.de\/de\/wp-json\/wp\/v2\/product"}],"about":[{"href":"https:\/\/www.smart-power-design.de\/de\/wp-json\/wp\/v2\/types\/product"}],"replies":[{"embeddable":true,"href":"https:\/\/www.smart-power-design.de\/de\/wp-json\/wp\/v2\/comments?post=22270"}],"wp:featuredmedia":[{"embeddable":true,"href":"https:\/\/www.smart-power-design.de\/de\/wp-json\/wp\/v2\/media\/1506"}],"wp:attachment":[{"href":"https:\/\/www.smart-power-design.de\/de\/wp-json\/wp\/v2\/media?parent=22270"}],"wp:term":[{"taxonomy":"product_brand","embeddable":true,"href":"https:\/\/www.smart-power-design.de\/de\/wp-json\/wp\/v2\/product_brand?post=22270"},{"taxonomy":"product_cat","embeddable":true,"href":"https:\/\/www.smart-power-design.de\/de\/wp-json\/wp\/v2\/product_cat?post=22270"},{"taxonomy":"product_tag","embeddable":true,"href":"https:\/\/www.smart-power-design.de\/de\/wp-json\/wp\/v2\/product_tag?post=22270"}],"curies":[{"name":"wp","href":"https:\/\/api.w.org\/{rel}","templated":true}]}}