{"id":22269,"date":"2013-10-19T08:46:26","date_gmt":"2013-10-19T06:46:26","guid":{"rendered":"https:\/\/smart-power-design.de\/shop\/einstiegsleisten-smart-fortwo-451\/"},"modified":"2015-07-07T14:16:25","modified_gmt":"2015-07-07T12:16:25","slug":"einstiegsleisten-smart-fortwo-451","status":"publish","type":"product","link":"https:\/\/www.smart-power-design.de\/de\/produkt\/einstiegsleisten-smart-fortwo-451\/","title":{"rendered":"Einstiegsleisten Smart Fortwo 451"},"content":{"rendered":"<p>Diese Einstiegsleisten sch\u00fctzen den Einstiegsbereich vor Verkratzung und Besch\u00e4digung und verleihen Ihrem Fahrzeug eine sportlich elegante Optik. Das Material ist hochwertiger Edelstahl hochglanz poliert. Die Montage ist sehr einfach und dauert nur wenige Minuten. Die Befestigung erfolgt mittels 3M Klebebandtechnik. Schutzfolie auf der R\u00fcckseite abziehen und dann aufbringen. Sind f\u00fcr alle Smart Fortwo 451 f\u00fcr Coupe und Cabrio ab Baujahr 02.2007 geeignet. Lieferumfang: 2 St\u00fcck f\u00fcr Fahrer- und Beifahrert\u00fcr. Der Smart Schriftzug ist in das Einstiegleisten eingepr\u00e4gt.<\/p>\n","protected":false},"excerpt":{"rendered":"<p>Smart Power Design verleiht \u00a0Ihren Smart Auto eine sportlich elegante Optik mit diese Einstiegleisten f\u00fcr Smart Fortwo 451.<\/p>\n","protected":false},"featured_media":1254,"comment_status":"open","ping_status":"closed","template":"","meta":[],"product_brand":[],"product_cat":[111,113],"product_tag":[195],"class_list":{"0":"post-22269","1":"product","2":"type-product","3":"status-publish","4":"has-post-thumbnail","6":"product_cat-smart-fortwo-zubehor-451","7":"product_cat-smart-interior-zubehoer-451","8":"product_tag-smart-fortwo-zubehoer","9":"pa_model-smart-fortwo-451-de","11":"first","12":"outofstock","13":"taxable","14":"shipping-taxable","15":"purchasable","16":"product-type-simple"},"aioseo_notices":[],"_links":{"self":[{"href":"https:\/\/www.smart-power-design.de\/de\/wp-json\/wp\/v2\/product\/22269","targetHints":{"allow":["GET"]}}],"collection":[{"href":"https:\/\/www.smart-power-design.de\/de\/wp-json\/wp\/v2\/product"}],"about":[{"href":"https:\/\/www.smart-power-design.de\/de\/wp-json\/wp\/v2\/types\/product"}],"replies":[{"embeddable":true,"href":"https:\/\/www.smart-power-design.de\/de\/wp-json\/wp\/v2\/comments?post=22269"}],"wp:featuredmedia":[{"embeddable":true,"href":"https:\/\/www.smart-power-design.de\/de\/wp-json\/wp\/v2\/media\/1254"}],"wp:attachment":[{"href":"https:\/\/www.smart-power-design.de\/de\/wp-json\/wp\/v2\/media?parent=22269"}],"wp:term":[{"taxonomy":"product_brand","embeddable":true,"href":"https:\/\/www.smart-power-design.de\/de\/wp-json\/wp\/v2\/product_brand?post=22269"},{"taxonomy":"product_cat","embeddable":true,"href":"https:\/\/www.smart-power-design.de\/de\/wp-json\/wp\/v2\/product_cat?post=22269"},{"taxonomy":"product_tag","embeddable":true,"href":"https:\/\/www.smart-power-design.de\/de\/wp-json\/wp\/v2\/product_tag?post=22269"}],"curies":[{"name":"wp","href":"https:\/\/api.w.org\/{rel}","templated":true}]}}