{"id":22268,"date":"2013-10-18T23:27:31","date_gmt":"2013-10-18T21:27:31","guid":{"rendered":"https:\/\/smart-power-design.de\/shop\/chromringe-set-und-chromplatte-smart-fortwo-451\/"},"modified":"2020-01-25T01:00:43","modified_gmt":"2020-01-24T23:00:43","slug":"chromringe-set-und-chromplatte-smart-fortwo-451","status":"publish","type":"product","link":"https:\/\/www.smart-power-design.de\/de\/produkt\/chromringe-set-und-chromplatte-smart-fortwo-451\/","title":{"rendered":"Chromringe Set und Chromplatte Smart Fortwo 451"},"content":{"rendered":"<p>Die hochgl\u00e4nzendem Chrom Zierringe Sets und Chromplatte verleihen Ihrem Smart in Innenraum sofort einen eleganteren Look von Smart Power Design. Dieses Set besteht aus 5tlg.: &#8211; Chrom-Zierringe f\u00fcr ON u. SRC Schalter und f\u00fcr Lautst\u00e4rkeregler, set 3tlg. &#8211; Chromplatte f\u00fcr das Handschuhfachschloss, 1 St.\u00a0Einfache Klebemontage mit doppelseitigem Spezialklebeband.\u00a0Eine Montageanleitung leigt bei. &#8211;\u00a0Chromring unten f\u00fcr den Schaltknauf, 1 St.<\/p>\n<p>Alle Ringe und Platte sind aus Messing verchromt und sind f\u00fcr alle Smart fortwo 451 f\u00fcr Coupe und Cabrio geeignet.<\/p>\n","protected":false},"excerpt":{"rendered":"<p>Smart Power Design sorgt im Innenraum an Ihren Smart Auto f\u00fcr noch mehr sportliche Eleganz durch das Chrom Zierring Set und Chromplatte.<\/p>\n","protected":false},"featured_media":1258,"comment_status":"open","ping_status":"closed","template":"","meta":[],"product_brand":[],"product_cat":[111,113],"product_tag":[137,197],"class_list":{"0":"post-22268","1":"product","2":"type-product","3":"status-publish","4":"has-post-thumbnail","6":"product_cat-smart-fortwo-zubehor-451","7":"product_cat-smart-interior-zubehoer-451","8":"product_tag-chrom","9":"product_tag-smart-fortwo-zubehoer-451","10":"pa_finish-chrom-2","11":"pa_model-smart-fortwo-w450-de","13":"first","14":"instock","15":"taxable","16":"shipping-taxable","17":"purchasable","18":"product-type-simple"},"aioseo_notices":[],"_links":{"self":[{"href":"https:\/\/www.smart-power-design.de\/de\/wp-json\/wp\/v2\/product\/22268","targetHints":{"allow":["GET"]}}],"collection":[{"href":"https:\/\/www.smart-power-design.de\/de\/wp-json\/wp\/v2\/product"}],"about":[{"href":"https:\/\/www.smart-power-design.de\/de\/wp-json\/wp\/v2\/types\/product"}],"replies":[{"embeddable":true,"href":"https:\/\/www.smart-power-design.de\/de\/wp-json\/wp\/v2\/comments?post=22268"}],"wp:featuredmedia":[{"embeddable":true,"href":"https:\/\/www.smart-power-design.de\/de\/wp-json\/wp\/v2\/media\/1258"}],"wp:attachment":[{"href":"https:\/\/www.smart-power-design.de\/de\/wp-json\/wp\/v2\/media?parent=22268"}],"wp:term":[{"taxonomy":"product_brand","embeddable":true,"href":"https:\/\/www.smart-power-design.de\/de\/wp-json\/wp\/v2\/product_brand?post=22268"},{"taxonomy":"product_cat","embeddable":true,"href":"https:\/\/www.smart-power-design.de\/de\/wp-json\/wp\/v2\/product_cat?post=22268"},{"taxonomy":"product_tag","embeddable":true,"href":"https:\/\/www.smart-power-design.de\/de\/wp-json\/wp\/v2\/product_tag?post=22268"}],"curies":[{"name":"wp","href":"https:\/\/api.w.org\/{rel}","templated":true}]}}