{"id":22235,"date":"2013-10-18T14:10:04","date_gmt":"2013-10-18T12:10:04","guid":{"rendered":"https:\/\/smart-power-design.de\/shop\/frontspoiler-smart-fortwo-450\/"},"modified":"2026-01-30T02:02:37","modified_gmt":"2026-01-30T00:02:37","slug":"frontspoiler-smart-fortwo-450","status":"publish","type":"product","link":"https:\/\/www.smart-power-design.de\/de\/produkt\/frontspoiler-smart-fortwo-450\/","title":{"rendered":"Frontspoiler Smart Fortwo 450"},"content":{"rendered":"<p>Smart Car Tuning startet man immer von der Au\u00dfenseite des Smart Autos und normalerweise f\u00e4ngt man mit die vordere Teile an.<br \/>Smart Power Design hat die ideale L\u00f6sung daf\u00fcr gefunden f\u00fcr den Frontspoiler. \u00a0Mit diesem Smart Power Design\u00a0Frontspoiler unterstreicht die sportliche Ausstrahlung Ihres Smart\u00a0Fortwo Auto\u00a0und sorgt f\u00fcr einen noch dynamischeren Auftritt, denn er ist perfekt auf das Smart Styling zugeschnitten.\u00a0Der Frontspoiler ist in 2 verschiedenen Versionen erh\u00e4ltlich (Typ I und Typ II) sowie auch in 2 verf\u00fcgbaren Farben\u00a0in River Silber und in Jack Black. Sind f\u00fcr alle Smart Fortwo 450 Cabrio und Coup\u00e9 ab 04\/2002 geeignet.\u00a0<\/p>\n","protected":false},"excerpt":{"rendered":"<p>Dieses Frontspoiler von Smart Power Design verleiht Ihren Smart Fortwo 450 ein noch dynamischeres Aussehen. Ist Perfekt auf das Smart Styling zugeschnitten.<\/p>\n<p>Bitte lesen Sie unten einige weitere Informationen vor dem Kauf.<\/p>\n","protected":false},"featured_media":1388,"comment_status":"closed","ping_status":"closed","template":"","meta":[],"product_brand":[],"product_cat":[109,108],"product_tag":[146],"class_list":{"0":"post-22235","1":"product","2":"type-product","3":"status-publish","4":"has-post-thumbnail","6":"product_cat-smart-exterior-zubehor-450","7":"product_cat-smart-fortwo-zubehor-450","8":"product_tag-smart-auto-tuning","9":"pa_model-smart-fortwo-w450-de","11":"first","12":"instock","13":"taxable","14":"shipping-taxable","15":"purchasable","16":"product-type-variable"},"aioseo_notices":[],"_links":{"self":[{"href":"https:\/\/www.smart-power-design.de\/de\/wp-json\/wp\/v2\/product\/22235","targetHints":{"allow":["GET"]}}],"collection":[{"href":"https:\/\/www.smart-power-design.de\/de\/wp-json\/wp\/v2\/product"}],"about":[{"href":"https:\/\/www.smart-power-design.de\/de\/wp-json\/wp\/v2\/types\/product"}],"replies":[{"embeddable":true,"href":"https:\/\/www.smart-power-design.de\/de\/wp-json\/wp\/v2\/comments?post=22235"}],"wp:featuredmedia":[{"embeddable":true,"href":"https:\/\/www.smart-power-design.de\/de\/wp-json\/wp\/v2\/media\/1388"}],"wp:attachment":[{"href":"https:\/\/www.smart-power-design.de\/de\/wp-json\/wp\/v2\/media?parent=22235"}],"wp:term":[{"taxonomy":"product_brand","embeddable":true,"href":"https:\/\/www.smart-power-design.de\/de\/wp-json\/wp\/v2\/product_brand?post=22235"},{"taxonomy":"product_cat","embeddable":true,"href":"https:\/\/www.smart-power-design.de\/de\/wp-json\/wp\/v2\/product_cat?post=22235"},{"taxonomy":"product_tag","embeddable":true,"href":"https:\/\/www.smart-power-design.de\/de\/wp-json\/wp\/v2\/product_tag?post=22235"}],"curies":[{"name":"wp","href":"https:\/\/api.w.org\/{rel}","templated":true}]}}