{"id":22215,"date":"2013-10-14T10:06:30","date_gmt":"2013-10-14T08:06:30","guid":{"rendered":"https:\/\/smart-power-design.de\/shop\/chromringe-set-smart-fortwo-450\/"},"modified":"2025-03-03T20:49:26","modified_gmt":"2025-03-03T18:49:26","slug":"chromringe-set-smart-fortwo-450","status":"publish","type":"product","link":"https:\/\/www.smart-power-design.de\/de\/produkt\/chromringe-set-smart-fortwo-450\/","title":{"rendered":"Chromringe Set Smart Fortwo 450"},"content":{"rendered":"<p>Kleine Details, gro\u00dfe Wirkung mit die Ringe Set f\u00fcr Smart Fortwo 450. Die Ringe sind aus echtes Chrom.<br \/>Als erstes k\u00f6nnen Sie w\u00e4hlen ob Sie Ihre Smart Auto 2 oder 4 Chromringe Schalter besitzt d.h.\u00a0Chromringe f\u00fcr 2 Schalter: Heckscheibenheizung, Klimaschalter oder Chromringe f\u00fcr 4 Schalter:\u00a0Sitzheizung, Heckscheibenheizung, Klimaanlage.<br \/>Dann k\u00f6nnen Sie ausw\u00e4hlen die Zierringe in Chrom f\u00fcr Fensterheberschalter, set 2 tlg. und die Zierringe f\u00fcr Hocht\u00f6nerlautsprecher in Chrom, Set 2tlg.<br \/>Ein gro\u00dfes Vorteil wenn Sie alle 3 Rings Sets ausw\u00e4hlen, erhalten Sie einen Rabatt!!!<\/p>\n","protected":false},"excerpt":{"rendered":"<p>Smart Power Design gibt Ihnen die M\u00f6glichkeit jede Taste Ihres Smart Fortwo 450 mit Smart Fortwo Zubeh\u00f6r\u00a0in Chrom Ausf\u00fchrung zu dekorieren. Bitte w\u00e4hlen Sie die verschiedenen Chromringen Set f\u00fcr Ihren Smart Auto.<\/p>\n","protected":false},"featured_media":1316,"comment_status":"open","ping_status":"closed","template":"","meta":[],"product_brand":[],"product_cat":[108,110],"product_tag":[137,196],"class_list":{"0":"post-22215","1":"product","2":"type-product","3":"status-publish","4":"has-post-thumbnail","6":"product_cat-smart-fortwo-zubehor-450","7":"product_cat-smart-interior-zubehor-450","8":"product_tag-chrom","9":"product_tag-smart-fortwo-zubehoer-450","10":"pa_finish-chrom-2","11":"pa_model-smart-fortwo-w450-de","13":"first","14":"instock","15":"taxable","16":"shipping-taxable","17":"purchasable","18":"product-type-variable"},"aioseo_notices":[],"_links":{"self":[{"href":"https:\/\/www.smart-power-design.de\/de\/wp-json\/wp\/v2\/product\/22215","targetHints":{"allow":["GET"]}}],"collection":[{"href":"https:\/\/www.smart-power-design.de\/de\/wp-json\/wp\/v2\/product"}],"about":[{"href":"https:\/\/www.smart-power-design.de\/de\/wp-json\/wp\/v2\/types\/product"}],"replies":[{"embeddable":true,"href":"https:\/\/www.smart-power-design.de\/de\/wp-json\/wp\/v2\/comments?post=22215"}],"wp:featuredmedia":[{"embeddable":true,"href":"https:\/\/www.smart-power-design.de\/de\/wp-json\/wp\/v2\/media\/1316"}],"wp:attachment":[{"href":"https:\/\/www.smart-power-design.de\/de\/wp-json\/wp\/v2\/media?parent=22215"}],"wp:term":[{"taxonomy":"product_brand","embeddable":true,"href":"https:\/\/www.smart-power-design.de\/de\/wp-json\/wp\/v2\/product_brand?post=22215"},{"taxonomy":"product_cat","embeddable":true,"href":"https:\/\/www.smart-power-design.de\/de\/wp-json\/wp\/v2\/product_cat?post=22215"},{"taxonomy":"product_tag","embeddable":true,"href":"https:\/\/www.smart-power-design.de\/de\/wp-json\/wp\/v2\/product_tag?post=22215"}],"curies":[{"name":"wp","href":"https:\/\/api.w.org\/{rel}","templated":true}]}}