{"id":22211,"date":"2013-10-13T11:04:04","date_gmt":"2013-10-13T09:04:04","guid":{"rendered":"https:\/\/smart-power-design.de\/shop\/kappen-fur-spiegelverstellung\/"},"modified":"2015-07-06T12:21:47","modified_gmt":"2015-07-06T10:21:47","slug":"kappen-fur-spiegelverstellung","status":"publish","type":"product","link":"https:\/\/www.smart-power-design.de\/de\/produkt\/kappen-fur-spiegelverstellung\/","title":{"rendered":"Kappen f\u00fcr Spiegelverstellung und f\u00fcr Blinker und Scheibenwischerhebel Smart Fortwo 451"},"content":{"rendered":"<p>Smart Power Design hat Ihnen verschiedene und sch\u00f6ne Smart Fortwo Zubeh\u00f6r produziert. Es handelt sich\u00a0um die Kappen in 2 verschiedenen Optionen. <br \/>Die ersten Kappen bekleiden den Blinker und Scheibenwischerhebel. Diese Kappen sind in Satine Ausf\u00fchrung. Die Installation ist einfach. Diese Satine-Kappen werden einfach aufgedr\u00fcckt. <br \/>F\u00fcr die zweite Option sind es die Kappen f\u00fcr Spiegelverstellung in Satine Ausf\u00fchrung. Mit diese Kappen f\u00fcr Spiegelverstellung und Kappen f\u00fcr Blinker und Scheibenwischerhebel in Satine\u00a0verleihen Ihrem smart sofort einen eleganteren Look.<br \/>W\u00e4hlen Sie alle beiden Optionen zu einem g\u00fcnstigen Preis.<\/p>\n","protected":false},"excerpt":{"rendered":"<p>Eine Vielzahl von Smart Auto-Zubeh\u00f6r sehen Sie in Smart Power Design-Webseite. <br \/>Nun haben Sie die M\u00f6glichkeit zu w\u00e4hlen die Kappen f\u00fcr Blinker und Scheibenwischerhebel oder die Kappen f\u00fcr Spiegelverstellung oder Sie k\u00f6nnen alle beide\u00a0ausw\u00e4hlen.<\/p>\n","protected":false},"featured_media":1264,"comment_status":"open","ping_status":"closed","template":"","meta":[],"product_brand":[],"product_cat":[111,113],"product_tag":[141,197],"class_list":{"0":"post-22211","1":"product","2":"type-product","3":"status-publish","4":"has-post-thumbnail","6":"product_cat-smart-fortwo-zubehor-451","7":"product_cat-smart-interior-zubehoer-451","8":"product_tag-satine-3","9":"product_tag-smart-fortwo-zubehoer-451","10":"pa_model-smart-fortwo-w450-de","12":"first","13":"instock","14":"taxable","15":"shipping-taxable","16":"purchasable","17":"product-type-variable"},"aioseo_notices":[],"_links":{"self":[{"href":"https:\/\/www.smart-power-design.de\/de\/wp-json\/wp\/v2\/product\/22211","targetHints":{"allow":["GET"]}}],"collection":[{"href":"https:\/\/www.smart-power-design.de\/de\/wp-json\/wp\/v2\/product"}],"about":[{"href":"https:\/\/www.smart-power-design.de\/de\/wp-json\/wp\/v2\/types\/product"}],"replies":[{"embeddable":true,"href":"https:\/\/www.smart-power-design.de\/de\/wp-json\/wp\/v2\/comments?post=22211"}],"wp:featuredmedia":[{"embeddable":true,"href":"https:\/\/www.smart-power-design.de\/de\/wp-json\/wp\/v2\/media\/1264"}],"wp:attachment":[{"href":"https:\/\/www.smart-power-design.de\/de\/wp-json\/wp\/v2\/media?parent=22211"}],"wp:term":[{"taxonomy":"product_brand","embeddable":true,"href":"https:\/\/www.smart-power-design.de\/de\/wp-json\/wp\/v2\/product_brand?post=22211"},{"taxonomy":"product_cat","embeddable":true,"href":"https:\/\/www.smart-power-design.de\/de\/wp-json\/wp\/v2\/product_cat?post=22211"},{"taxonomy":"product_tag","embeddable":true,"href":"https:\/\/www.smart-power-design.de\/de\/wp-json\/wp\/v2\/product_tag?post=22211"}],"curies":[{"name":"wp","href":"https:\/\/api.w.org\/{rel}","templated":true}]}}