{"id":2037,"date":"2013-10-23T23:56:22","date_gmt":"2013-10-23T21:56:22","guid":{"rendered":"https:\/\/smart-power-design.de\/shop\/chrom-aussenspiegel-kappen\/"},"modified":"2015-07-07T14:20:15","modified_gmt":"2015-07-07T12:20:15","slug":"chrom-aussenspiegel-kappen","status":"publish","type":"product","link":"https:\/\/www.smart-power-design.de\/de\/produkt\/chrom-aussenspiegel-kappen\/","title":{"rendered":"Chrom-Aussenspiegel-Kappen Smart Fortwo 451"},"content":{"rendered":"<p class=\"MsoNormal\"><span class=\"hps\"> color:#222222;mso-ansi-language:DE&#8220;&gt;Geben Sie Ihre Smart Fortwo ein Glanz und Glamour mit Chrom-Au\u00dfenspiegelkappen aus dem Smart-Power-Design.\u00a0<\/span><span class=\"hps\"> color:#222222;mso-ansi-language:DE&#8220;&gt;Die Au\u00dfenspiegel\u00a0\u00a0 Chromkappen sind echt Hochglanz verchromt und passen perfekt auf die Spiegel. <\/span> &#8222;Tahoma&#8220;,sans-serif;mso-ansi-language:DE&#8220;&gt;Einfachster Anbau, Schutzfolie von Doppelseite Klebeband abziehen und vorsichtig auf die Spiegel setzen.\u00a0Sie k\u00f6nnen die Anbauanleitung am Ende der Seiten in PDF. Form sehen, Sie erhalten die auch in gedruckter Form mit dem Produkt. Set 2 St\u00fcck<\/p>\n","protected":false},"excerpt":{"rendered":"<p>Tolles Styling f\u00fcr Ihren Smart Fortwo mit diese Chrom-Aussenspiegel-Kappen von Smart Power Design. Kleines Detail &#8211; Gro\u00dfe Wirkung. Sind sehr passgenau und geeignet f\u00fcr alle Smart Fortwo W451.<\/p>\n","protected":false},"featured_media":1180,"comment_status":"open","ping_status":"closed","template":"","meta":[],"product_brand":[],"product_cat":[112,111],"product_tag":[195],"class_list":{"0":"post-2037","1":"product","2":"type-product","3":"status-publish","4":"has-post-thumbnail","6":"product_cat-smart-exterior-zubehor-451","7":"product_cat-smart-fortwo-zubehor-451","8":"product_tag-smart-fortwo-zubehoer","9":"pa_model-smart-fortwo-451-de","11":"first","12":"outofstock","13":"taxable","14":"shipping-taxable","15":"purchasable","16":"product-type-simple"},"aioseo_notices":[],"_links":{"self":[{"href":"https:\/\/www.smart-power-design.de\/de\/wp-json\/wp\/v2\/product\/2037","targetHints":{"allow":["GET"]}}],"collection":[{"href":"https:\/\/www.smart-power-design.de\/de\/wp-json\/wp\/v2\/product"}],"about":[{"href":"https:\/\/www.smart-power-design.de\/de\/wp-json\/wp\/v2\/types\/product"}],"replies":[{"embeddable":true,"href":"https:\/\/www.smart-power-design.de\/de\/wp-json\/wp\/v2\/comments?post=2037"}],"wp:featuredmedia":[{"embeddable":true,"href":"https:\/\/www.smart-power-design.de\/de\/wp-json\/wp\/v2\/media\/1180"}],"wp:attachment":[{"href":"https:\/\/www.smart-power-design.de\/de\/wp-json\/wp\/v2\/media?parent=2037"}],"wp:term":[{"taxonomy":"product_brand","embeddable":true,"href":"https:\/\/www.smart-power-design.de\/de\/wp-json\/wp\/v2\/product_brand?post=2037"},{"taxonomy":"product_cat","embeddable":true,"href":"https:\/\/www.smart-power-design.de\/de\/wp-json\/wp\/v2\/product_cat?post=2037"},{"taxonomy":"product_tag","embeddable":true,"href":"https:\/\/www.smart-power-design.de\/de\/wp-json\/wp\/v2\/product_tag?post=2037"}],"curies":[{"name":"wp","href":"https:\/\/api.w.org\/{rel}","templated":true}]}}