{"id":20152,"date":"2013-10-10T10:52:41","date_gmt":"2013-10-10T08:52:41","guid":{"rendered":"https:\/\/smart-power-design.de\/shop\/heckblende-smart-fortwo-450\/"},"modified":"2024-10-13T22:28:04","modified_gmt":"2024-10-13T19:28:04","slug":"heckblende-smart-fortwo-450","status":"publish","type":"product","link":"https:\/\/www.smart-power-design.de\/de\/produkt\/heckblende-smart-fortwo-450\/","title":{"rendered":"Heckblende smart brabus"},"content":{"rendered":"<p>Das ist der Heckspoiler von Smart Power Design f\u00fcr Smart Fortwo 450 f\u00fcr alle Cabrios und Coupes. Es sind in 2 verschiedenen Farben erh\u00e4ltlich in River Silber und Jack Black, sowie auch in 2 verschiedenen Style, Style 1 und Style 2. Jetzt haben Sie eine gro\u00dfe Auswahl und ist schwer sich zu entscheiden, welche besser Ihnen gef\u00e4llt. Das Material ist aus ABS. Au\u00dferdem Smart Power Design bietet Ihnen das Style 2 Heckblende als Smart Car Brabus kompatibel.<br \/>Mit der Bestellung erhalten Sie eine Bedienungsanleitung in gedruckter Form zur Verf\u00fcgung und unten ist es auch in PDF Format zu lesen.<\/p>\n<p><iframe width=\"560\" height=\"315\" src=\"https:\/\/www.youtube.com\/embed\/5m-QvLSP2HU\" frameborder=\"0\" allowfullscreen><\/iframe><\/p>\n","protected":false},"excerpt":{"rendered":"<p>Installieren Sie jetzt den Heckspoiler f\u00fcr Smart Fortwo 450. Erh\u00e4ltlich in 2 Arten von Smart Power Design. Ein Heckspoiler mit Smart Car Brabus kompatibel.<\/p>\n","protected":false},"featured_media":31869,"comment_status":"closed","ping_status":"closed","template":"","meta":[],"product_brand":[],"product_cat":[108,109],"product_tag":[],"class_list":{"0":"post-20152","1":"product","2":"type-product","3":"status-publish","4":"has-post-thumbnail","6":"product_cat-smart-fortwo-zubehor-450","7":"product_cat-smart-exterior-zubehor-450","8":"pa_color-river-silber","9":"pa_color-jack-black-farbe","10":"pa_model-smart-fortwo-w450-de","12":"first","13":"instock","14":"taxable","15":"shipping-taxable","16":"purchasable","17":"product-type-variable"},"aioseo_notices":[],"_links":{"self":[{"href":"https:\/\/www.smart-power-design.de\/de\/wp-json\/wp\/v2\/product\/20152","targetHints":{"allow":["GET"]}}],"collection":[{"href":"https:\/\/www.smart-power-design.de\/de\/wp-json\/wp\/v2\/product"}],"about":[{"href":"https:\/\/www.smart-power-design.de\/de\/wp-json\/wp\/v2\/types\/product"}],"replies":[{"embeddable":true,"href":"https:\/\/www.smart-power-design.de\/de\/wp-json\/wp\/v2\/comments?post=20152"}],"wp:featuredmedia":[{"embeddable":true,"href":"https:\/\/www.smart-power-design.de\/de\/wp-json\/wp\/v2\/media\/31869"}],"wp:attachment":[{"href":"https:\/\/www.smart-power-design.de\/de\/wp-json\/wp\/v2\/media?parent=20152"}],"wp:term":[{"taxonomy":"product_brand","embeddable":true,"href":"https:\/\/www.smart-power-design.de\/de\/wp-json\/wp\/v2\/product_brand?post=20152"},{"taxonomy":"product_cat","embeddable":true,"href":"https:\/\/www.smart-power-design.de\/de\/wp-json\/wp\/v2\/product_cat?post=20152"},{"taxonomy":"product_tag","embeddable":true,"href":"https:\/\/www.smart-power-design.de\/de\/wp-json\/wp\/v2\/product_tag?post=20152"}],"curies":[{"name":"wp","href":"https:\/\/api.w.org\/{rel}","templated":true}]}}