{"id":20140,"date":"2013-10-09T22:46:46","date_gmt":"2013-10-09T20:46:46","guid":{"rendered":"https:\/\/smart-power-design.de\/shop\/luftansaugung-blende-fur-smart-fortwo-w450\/"},"modified":"2026-02-03T17:31:24","modified_gmt":"2026-02-03T15:31:24","slug":"luftansaugung-blende-fur-smart-fortwo-w450","status":"publish","type":"product","link":"https:\/\/www.smart-power-design.de\/de\/produkt\/luftansaugung-blende-fur-smart-fortwo-w450\/","title":{"rendered":"Luftansaugung Blende f\u00fcr Smart Fortwo 450"},"content":{"rendered":"<p>Das ist die Airscoope f\u00fcr Smart Fortwo 450 von Smart Power Design. Es gibt viele Vorteile der Installation dieses Smart Fortwo Zubeh\u00f6r. Erstens ergibt eine aerodynamische Form und eine bessere Luftzufuhr in den Motor. So wird die Mischung reicher an Sauerstoff und hilft den Kraftstoff besser zu verbrennen. Das Ergebnis viel weniger Kraftstoffverbrauch und daf\u00fcr viel weniger CO2-Abgase und besch\u00fctz die Umwelt. Nat\u00fcrlich durch die bessere Verbrennung  mit diesem Airscoope erh\u00e4lt man mehr PS.<br \/>\nBei der Bestellung von diesem Lufteinlass f\u00fcr den Smart Fortwo 450 wird eine Anleitung f\u00fcr die Installation beigef\u00fcgt. Zus\u00e4tzlich k\u00f6nnen Sie die Einbauanleitung in unsere Webseite unten das PDF Format herunterladen.<\/p>\n","protected":false},"excerpt":{"rendered":"<p>Das ist die Airscoope f\u00fcr Smart Fortwo 450 von Smart Power Design.<\/p>\n","protected":false},"featured_media":1420,"comment_status":"closed","ping_status":"closed","template":"","meta":[],"product_brand":[],"product_cat":[109,108],"product_tag":[196],"class_list":{"0":"post-20140","1":"product","2":"type-product","3":"status-publish","4":"has-post-thumbnail","6":"product_cat-smart-exterior-zubehor-450","7":"product_cat-smart-fortwo-zubehor-450","8":"product_tag-smart-fortwo-zubehoer-450","9":"pa_color-jack-black-farbe","10":"pa_color-river-silber","11":"pa_model-smart-fortwo-w450-de","13":"first","14":"instock","15":"taxable","16":"shipping-taxable","17":"purchasable","18":"product-type-variable"},"aioseo_notices":[],"_links":{"self":[{"href":"https:\/\/www.smart-power-design.de\/de\/wp-json\/wp\/v2\/product\/20140","targetHints":{"allow":["GET"]}}],"collection":[{"href":"https:\/\/www.smart-power-design.de\/de\/wp-json\/wp\/v2\/product"}],"about":[{"href":"https:\/\/www.smart-power-design.de\/de\/wp-json\/wp\/v2\/types\/product"}],"replies":[{"embeddable":true,"href":"https:\/\/www.smart-power-design.de\/de\/wp-json\/wp\/v2\/comments?post=20140"}],"wp:featuredmedia":[{"embeddable":true,"href":"https:\/\/www.smart-power-design.de\/de\/wp-json\/wp\/v2\/media\/1420"}],"wp:attachment":[{"href":"https:\/\/www.smart-power-design.de\/de\/wp-json\/wp\/v2\/media?parent=20140"}],"wp:term":[{"taxonomy":"product_brand","embeddable":true,"href":"https:\/\/www.smart-power-design.de\/de\/wp-json\/wp\/v2\/product_brand?post=20140"},{"taxonomy":"product_cat","embeddable":true,"href":"https:\/\/www.smart-power-design.de\/de\/wp-json\/wp\/v2\/product_cat?post=20140"},{"taxonomy":"product_tag","embeddable":true,"href":"https:\/\/www.smart-power-design.de\/de\/wp-json\/wp\/v2\/product_tag?post=20140"}],"curies":[{"name":"wp","href":"https:\/\/api.w.org\/{rel}","templated":true}]}}