{"id":27673,"date":"2015-09-22T22:45:01","date_gmt":"2015-09-22T20:45:01","guid":{"rendered":"https:\/\/smart-power-design.de\/?page_id=27673"},"modified":"2020-10-28T17:28:34","modified_gmt":"2020-10-28T15:28:34","slug":"allgemeine-geschaftsbedingungen","status":"publish","type":"page","link":"https:\/\/www.smart-power-design.de\/de\/allgemeine-geschaftsbedingungen\/","title":{"rendered":"Allgemeine Gesch\u00e4ftsbedingungen"},"content":{"rendered":"<ul>\n<li><strong>Geltungsbereich, Kundeninformationen<\/strong><\/li>\n<\/ul>\n<p>Die folgenden allgemeinen Gesch\u00e4ftsbedingungen regeln das Vertragsverh\u00e4ltnis zwischen Smart Power Design und den Verbrauchern und Unternehmern, die \u00fcber unseren Shop Waren kaufen. Entgegenstehende oder von unseren Gesch\u00e4ftsbedingungen abweichende Bedingungen werden von uns nicht anerkannt.<\/p>\n<ul>\n<li><strong>Vertragsschluss<\/strong><\/li>\n<\/ul>\n<p>Die Angebote im Internet stellen eine unverbindliche Aufforderung an Sie dar, Waren zu kaufen.<\/p>\n<ol>\n<li>Sie k\u00f6nnen ein oder mehrere Produkte in den Warenkorb legen. Im Laufe des Bestellprozesses geben Sie Ihre Daten und W\u00fcnsche bzgl. Zahlungsart, Liefermodalit\u00e4ten etc. ein. Erst mit dem Anklicken des Bestellbuttons geben Sie ein verbindliches Angebot auf Abschluss eines Kaufvertrags ab. Sie k\u00f6nnen eine verbindliche Bestellung aber auch telefonisch abgeben.<\/li>\n<li>Mit der unverz\u00fcglich per E-Mail versandten Zugangsbest\u00e4tigung wird gleichzeitig auch die Annahme Ihres Angebots erkl\u00e4rt und der Kaufvertrag damit abgeschlossen. Bei einer telefonischen Bestellung kommt der Kaufvertrag zustande, wenn wir Ihr Angebot sofort annehmen. Wird das Angebot nicht sofort angenommen, dann sind Sie auch nicht mehr daran gebunden.<\/li>\n<\/ol>\n<ul>\n<li><strong>Kundeninformation: Speicherung Ihrer Bestelldaten<\/strong><\/li>\n<\/ul>\n<p>Ihre Bestellung mit Einzelheiten zum geschlossenen Vertrag (z.B. Art des Produkts, Preis etc.) wird von uns gespeichert. Als registrierter Kunde k\u00f6nnen Sie auf Ihre vergangenen Bestellungen \u00fcber den Kunden LogIn-Bereich (Mein Konto) zugreifen.<\/p>\n<ul>\n<li><strong>Kundeninformation: Korrekturhinweis<\/strong><\/li>\n<\/ul>\n<p>Sie k\u00f6nnen Ihre Eingaben vor Abgabe der Bestellung jederzeit mit der L\u00f6schtaste berichtigen. Wir informieren Sie auf dem Weg durch den Bestellprozess \u00fcber weitere Korrekturm\u00f6glichkeiten. Den Bestellprozess k\u00f6nnen Sie auch jederzeit durch Schlie\u00dfen des Browser-Fensters komplett beenden.<\/p>\n<ul>\n<li><strong>Liefer- und Versandkosten<\/strong><\/li>\n<\/ul>\n<p>Der Versand der Artikel erfolgt in der Regel innerhalb von 3 Tagen nach Zahlungseingang. Es wird an die Lieferadresse gesendet, die Sie uns beim Auschecken mitgeteilt haben. Wenn die Lieferadresse und die Rechnungsadresse identisch sind, lassen Sie die Lieferadresse leer. Falls die Lieferadresse und die Rechnungsadresse nicht identisch sind und Sie die Versandadresse leer gelassen haben, ist Smart Power Design nicht verpflichtet, die Versandkosten zu bezahlen. Die Lieferung erfolgt per Post Einschreiben Versand. Die Kunden haben die Versandkosten zu tragen. Die Dauer sowie die Lieferraten unterscheiden sich und h\u00e4ngen vom Standort Ihres Landes ab. Die meisten Produkte werden vom Stock House von Smart Power Design in der griechischen Hauptstadt Athen verschickt. Von Smart Power Design gelieferte Produkte sind ordnungsgem\u00e4\u00df verpackt und gesch\u00fctzt. Transportsch\u00e4den liegen daher in der Verantwortung des Bef\u00f6rderers. Wenn ein Paket bei Erhalt besch\u00e4digt erscheint, geben Sie den Zustand des Pakets auf Ihrer Quittung vom Spediteur an. Wenn beim \u00d6ffnen der Verpackung Sch\u00e4den festgestellt werden, benachrichtigen Sie sofort den Spediteur und Smart Power Design. Schadensersatzanspr\u00fcche werden \u00fcber den Spediteur abgewickelt. Bewahren Sie das Verpackungsmaterial f\u00fcr die Inspektion durch den Spediteur auf. Reklamationen f\u00fcr fehlende Artikel oder Versandfehler m\u00fcssen innerhalb von 7 Tagen nach Eingang der Bestellung gemeldet werden. * Bitte beachten Sie, dass internationale Kunden f\u00fcr zus\u00e4tzliche Zollgeb\u00fchren \/ Steuern \/ Abgaben verantwortlich sind, die m\u00f6glicherweise von der Regierung eines Landes erhoben werden. Bitte haben Sie Verst\u00e4ndnis daf\u00fcr, dass wir keine Kontrolle \u00fcber staatliche Zollgeb\u00fchren und \/ oder Steuern haben. Bitte erkundigen Sie sich vor der Bestellung bei den Importgesetzen Ihrer Gemeinde.<\/p>\n<ul>\n<li><strong>Garantie<\/strong><\/li>\n<\/ul>\n<p>Alle Produkte verf\u00fcgen \u00fcber die gesetztliche Gew\u00e4hrleistung von 2 Jahren. Sie beginnt mit dem Zugang der Ware beim Kunden. Defekte Produkte werden ersetzt. Die Versandkosten f\u00fcr den Ersatz tr\u00e4gt Smart Power Design. Allerdings die Garantie gilt nicht f\u00fcr Produkte die benutzt worden sind oder installiert worden sind und bei Montage besch\u00e4digt worden sind. Deshalb m\u00fcssen Sie als erstens die Installationsanweisung sorgf\u00e4ltig durchlesen.<\/p>\n<ul>\n<li><strong>R\u00fcckgabe und Umtausch<\/strong><\/li>\n<\/ul>\n<p>Der Kunde hat das Recht das Produkt innerhalb von 14 Tagen zur\u00fccksenden unter folgenden Bedingungen:<\/p>\n<ol style=\"list-style-type: lower-alpha;\">\n<li>Das Produkt mu\u00df im urspr\u00fcnglichen Zustand sein, in Originalverpackung, unbenutzt, deinstalliert um ein R\u00fcckerstattung zu erfolgen.<\/li>\n<li>\n<p>Eine Warengutschrift erfolgt erst nach eingehender Pr\u00fcfung der zur\u00fcckgesandten Ware.<\/p>\n<\/li>\n<li>\n<p>Die R\u00fccksendung erfolgt auf Lasten des Kunden. Besch\u00e4digte oder nicht mehr einwandfreie Waren sind von der R\u00fccksendung ausgeschlossen und werden nicht gutgeschrieben.<\/p>\n<\/li>\n<li>\n<p>F\u00fcr diese R\u00fcckzahlung verwenden wir dasselbe Zahlungsmittel, das Sie bei der urspr\u00fcnglichen Transaktion eingesetzt haben, es sei denn, mit Ihnen wurde ausdr\u00fccklich etwas anderes vereinbart.<\/p>\n<\/li>\n<li>Bei R\u00fcckerstattungen werden die Versandkosten sowie die Lackierkosten vom Betrag der vollst\u00e4ndigen R\u00fcckerstattung abgezogen.<\/li>\n<li>Die R\u00fcckgabe des Geldbetrages erfolgt auf das vom Kunden gew\u00fcnschte Konto, nachdem wir erst die Sendung erhalten haben.<\/li>\n<li>Bez\u00fcglich einer R\u00fccksendung vom Kunde tr\u00e4gt die Versandkosten der Kunde und nicht Smart Power Design. Die R\u00fccksendung muss an die folgende Adresse gesendet werden: Smart Power Design, Skiathou Str. 134, 112 55 Athen, Griechenland<\/li>\n<\/ol>\n<ul>\n<li><strong>Preise<\/strong><\/li>\n<\/ul>\n<p>Alle Preise verstehen sich in Euro und enthalten die gesetzliche Mehrwertsteuer und verstehen sich zuz\u00fcglich Versandkosten. Die Versandkosten sind w\u00e4hrend der Kauf sichtbar und sind auf das Gesamtgewicht der Bestellung und den Standort Ihres Landes kalkuliert.<\/p>\n<p>Smart Power Design kann auf seiner Webseite jederzeit neue Preise \u00e4ndern und der Kunde ist verpflichtet die neue Preise der Produkte zum Zeitpunkt der Bestellung anzunehmen.<\/p>\n<ul>\n<li>\n<p><strong>Zahlung<\/strong><\/p>\n<\/li>\n<\/ul>\n<p>Wir bieten 2 folgende Zahlungsm\u00f6glichkeiten an:<\/p>\n<ol style=\"list-style-type: lower-alpha;\">\n<li>Paypal<\/li>\n<li>Vorkasse per \u00dcberweisung:<\/li>\n<\/ol>\n<p>Bei Auswahl der Zahlungsart Vorkasse wird Ihnen unsere Bankverbindung genannt und wir liefern die Ware nach Zahlungseingang.<br \/>Zahlung per \u00dcberweisung in das folgende Konto:<br \/>Deutsche Bank Privat- und Gesch\u00e4ftskunden AG:<br \/>Kontoinhaber: Marilena Rumore<br \/>IBAN: DE09600700240704590900<br \/>BIC-Code: DEUTDEDBSTG<\/p>\n","protected":false},"excerpt":{"rendered":"<p>Geltungsbereich, Kundeninformationen Die folgenden allgemeinen Gesch\u00e4ftsbedingungen regeln das Vertragsverh\u00e4ltnis zwischen Smart Power Design und den Verbrauchern und Unternehmern, die \u00fcber unseren Shop Waren kaufen. Entgegenstehende oder von unseren Gesch\u00e4ftsbedingungen abweichende Bedingungen werden von uns nicht anerkannt. Vertragsschluss Die Angebote im Internet stellen eine unverbindliche Aufforderung an Sie dar, Waren zu kaufen. Sie k\u00f6nnen ein oder [&hellip;]<\/p>\n","protected":false},"author":1,"featured_media":0,"parent":0,"menu_order":0,"comment_status":"closed","ping_status":"closed","template":"","meta":{"footnotes":""},"class_list":["post-27673","page","type-page","status-publish","hentry"],"aioseo_notices":[],"_links":{"self":[{"href":"https:\/\/www.smart-power-design.de\/de\/wp-json\/wp\/v2\/pages\/27673","targetHints":{"allow":["GET"]}}],"collection":[{"href":"https:\/\/www.smart-power-design.de\/de\/wp-json\/wp\/v2\/pages"}],"about":[{"href":"https:\/\/www.smart-power-design.de\/de\/wp-json\/wp\/v2\/types\/page"}],"author":[{"embeddable":true,"href":"https:\/\/www.smart-power-design.de\/de\/wp-json\/wp\/v2\/users\/1"}],"replies":[{"embeddable":true,"href":"https:\/\/www.smart-power-design.de\/de\/wp-json\/wp\/v2\/comments?post=27673"}],"version-history":[{"count":0,"href":"https:\/\/www.smart-power-design.de\/de\/wp-json\/wp\/v2\/pages\/27673\/revisions"}],"wp:attachment":[{"href":"https:\/\/www.smart-power-design.de\/de\/wp-json\/wp\/v2\/media?parent=27673"}],"curies":[{"name":"wp","href":"https:\/\/api.w.org\/{rel}","templated":true}]}}